{"id":341,"date":"2023-01-14T13:02:23","date_gmt":"2023-01-14T13:02:23","guid":{"rendered":"https:\/\/tauchsportclub-essen.de\/?page_id=341"},"modified":"2023-01-28T14:39:23","modified_gmt":"2023-01-28T14:39:23","slug":"jugendabteilung","status":"publish","type":"page","link":"https:\/\/tauchsportclub-essen.de\/?page_id=341","title":{"rendered":"Jugendabteilung"},"content":{"rendered":"\n<figure class=\"wp-block-image size-full\"><img loading=\"lazy\" decoding=\"async\" width=\"1000\" height=\"665\" src=\"https:\/\/tauchsportclub-essen.de\/wp-content\/uploads\/2023\/01\/facebook.jpg\" alt=\"\" class=\"wp-image-343\" srcset=\"https:\/\/tauchsportclub-essen.de\/wp-content\/uploads\/2023\/01\/facebook.jpg 1000w, https:\/\/tauchsportclub-essen.de\/wp-content\/uploads\/2023\/01\/facebook-300x200.jpg 300w, https:\/\/tauchsportclub-essen.de\/wp-content\/uploads\/2023\/01\/facebook-768x511.jpg 768w, https:\/\/tauchsportclub-essen.de\/wp-content\/uploads\/2023\/01\/facebook-360x240.jpg 360w\" sizes=\"auto, (max-width: 1000px) 100vw, 1000px\" \/><\/figure>\n\n\n\n<p>Wir bieten allen interessierten Kindern und Jugendlichen im Alter zwischen 8 und 18 Jahren kostenloses Schnuppertauchen an. Wolltest du nicht immer schon mal den Schwimmbadboden n\u00e4her beobachten und dich dabei schwerelos fortbewegen&#8230;?<\/p>\n\n\n\n<h3 class=\"wp-block-heading\">Die Jugend des Tauchsportclub Essen<\/h3>\n\n\n\n<p>Seit dem 08.03.1999 bilden wir mit ca. 25 Kindern und Jugendlichen die Jugendabteilung des Tauchsportclub Essen.<\/p>\n\n\n\n<p><strong>Trainingszeit:<br><\/strong>Dienstags von 19.15 Uhr &#8211; 20.15 Uhr<br>Samstags von 13.00 Uhr &#8211; 14.00 Uhr<br>Treffpunkt 15 Minuten vorher!<br>Jeden ersten Samstag im Monat trainieren wir mit Tauchger\u00e4ten!<\/p>\n\n\n\n<p><strong>Stadtbad Kupferdreh<\/strong><br>Schwermannstra\u00dfe 45<br>45257 Essen (<a rel=\"noreferrer noopener\" href=\"http:\/\/maps.google.de\/maps?q=Schwermannstra%C3%9Fe+45,+Essen&amp;hl=de&amp;ie=UTF8&amp;sll=51.427085,7.663989&amp;sspn=5.714379,9.876709&amp;t=h&amp;hnear=Schwermannstra%C3%9Fe+45,+Essen+45257+Essen&amp;z=16\" target=\"_blank\">Karte<\/a>)<\/p>\n\n\n\n<h3 class=\"wp-block-heading\"><strong>Ausr\u00fcstung<br><\/strong><\/h3>\n\n\n\n<p>Wenn du keine eigene Tauchausr\u00fcstung hast, ist dies kein Problem. F\u00fcr das Schnuppertauchen oder Schnuppertraining stellen wir dir alles Notwendige zur Verf\u00fcgung. Des Weiteren kann dir unser Verein ein Tauchger\u00e4t f\u00fcr das Ger\u00e4tetraining und f\u00fcr Freigew\u00e4ssertauchg\u00e4nge kostenfrei zur Verf\u00fcgung stellen. Auch eine begrenzte Anzahl von Tauchanz\u00fcgen haben wir zur Verf\u00fcgung.<\/p>\n\n\n\n<h3 class=\"wp-block-heading\">Was wir sonst noch machen<\/h3>\n\n\n\n<p>Regelm\u00e4\u00dfige Aktivit\u00e4ten der Jugend sind das j\u00e4hrliche Landesjugendtreffen mit anderen Jugendlichen aus ganz NRW, Tauchen am eigenen Vereinssee, Tagesausfl\u00fcge zum Indoor-Tauchen oder ins Spa\u00dfbad und unsere Weihnachtsfeier mit Kegeln am Ende des Jahres.<\/p>\n\n\n\n<p>Dies ist aber noch nicht alles. Die Erwachsenen des TSC-Essen bieten auch zahlreiche Veranstaltungen an, an denen du selbstverst\u00e4ndlich auch teilnehmen kannst. <\/p>\n\n\n\n<p>Als Mitglied unseres Vereins kannst du dich von unseren kompetenten Ausbildern nach den Richtlinien des international anerkannten Standards CMAS ausbilden lassen. Jeder Tauchsch\u00fcler wird individuell betreut. Folgendes kannst du bei uns im Verein machen:<\/p>\n\n\n\n<ul class=\"wp-block-list\">\n<li>Schnorchel Abzeichen (ab 6 Jahre)<\/li>\n\n\n\n<li>Apnoe Abzeichen (ab 8 Jahre)<\/li>\n\n\n\n<li>Kindertauchsport Abzeichen (KTSA) Bronze\/Silber\/Gold (ab 8 Jahre)<\/li>\n\n\n\n<li>Deutsches Tauchsport Abzeichen (DTSA) *\/**\/***&nbsp;(ab 14 Jahre)<\/li>\n\n\n\n<li>und diverse weitere Brevets und Abzeichen (z.B. Orientierung und Gruppenf\u00fchrung)<\/li>\n<\/ul>\n\n\n\n<h3 class=\"wp-block-heading\">Hinweis f\u00fcr Eltern<\/h3>\n\n\n\n<p>Wir bitten Sie Ihr Kind f\u00fcr den&nbsp;ersten Besuch bei uns vorher anzumelden (siehe <a href=\"https:\/\/tauchsportclub-essen.de\/kontakt\">Kontakt<\/a>).<\/p>\n\n\n\n<p>Tauchen ist ein toller Freizeitsport f\u00fcr Kinder und Jugendliche. Bitte beachten Sie, dass wir ein&nbsp;kurzes&nbsp;pers\u00f6nliches Aufkl\u00e4rungsgespr\u00e4ch&nbsp;vor dem Beginn der Aus\u00fcbung des Tauchsportes mit&nbsp;Ihnen durchf\u00fchren! Wir bitten Sie daher Ihr Kind beim ersten Besuch bei uns zu begleiten. <\/p>\n\n\n\n<p>Weitere Infos:<\/p>\n\n\n\n<p><a href=\"https:\/\/www.tsvnrw.de\/wir-fuer-euch\/fachbereiche\/jugend\" data-type=\"URL\" data-id=\"https:\/\/www.tsvnrw.de\/wir-fuer-euch\/fachbereiche\/jugend\">Jugend Tauchsportverband NRW (TSV NRW Jugend)<\/a><\/p>\n\n\n\n<p><a href=\"https:\/\/www.vdst.de\/ueber-uns\/ansprechpartner\/vdst-jugend\/\" data-type=\"URL\" data-id=\"https:\/\/www.vdst.de\/ueber-uns\/ansprechpartner\/vdst-jugend\/\">Jugend Verband Deutscher Sporttaucher (VDST Jugend)<\/a><\/p>\n","protected":false},"excerpt":{"rendered":"<p>Wir bieten allen interessierten Kindern und Jugendlichen im Alter zwischen 8 und 18 Jahren kostenloses Schnuppertauchen an. Wolltest du nicht immer schon mal den Schwimmbadboden n\u00e4her beobachten und dich dabei schwerelos fortbewegen&#8230;? Die Jugend des Tauchsportclub Essen Seit dem 08.03.1999 bilden wir mit ca. 25 Kindern und Jugendlichen die Jugendabteilung [&hellip;]<\/p>\n","protected":false},"author":1,"featured_media":0,"parent":0,"menu_order":0,"comment_status":"closed","ping_status":"closed","template":"","meta":{"footnotes":""},"class_list":["post-341","page","type-page","status-publish","hentry"],"_links":{"self":[{"href":"https:\/\/tauchsportclub-essen.de\/index.php?rest_route=\/wp\/v2\/pages\/341","targetHints":{"allow":["GET"]}}],"collection":[{"href":"https:\/\/tauchsportclub-essen.de\/index.php?rest_route=\/wp\/v2\/pages"}],"about":[{"href":"https:\/\/tauchsportclub-essen.de\/index.php?rest_route=\/wp\/v2\/types\/page"}],"author":[{"embeddable":true,"href":"https:\/\/tauchsportclub-essen.de\/index.php?rest_route=\/wp\/v2\/users\/1"}],"replies":[{"embeddable":true,"href":"https:\/\/tauchsportclub-essen.de\/index.php?rest_route=%2Fwp%2Fv2%2Fcomments&post=341"}],"version-history":[{"count":11,"href":"https:\/\/tauchsportclub-essen.de\/index.php?rest_route=\/wp\/v2\/pages\/341\/revisions"}],"predecessor-version":[{"id":364,"href":"https:\/\/tauchsportclub-essen.de\/index.php?rest_route=\/wp\/v2\/pages\/341\/revisions\/364"}],"wp:attachment":[{"href":"https:\/\/tauchsportclub-essen.de\/index.php?rest_route=%2Fwp%2Fv2%2Fmedia&parent=341"}],"curies":[{"name":"wp","href":"https:\/\/api.w.org\/{rel}","templated":true}]}}