{"id":15,"date":"2020-08-09T15:01:43","date_gmt":"2020-08-09T15:01:43","guid":{"rendered":"http:\/\/tauchsportclub-essen.de\/?page_id=15"},"modified":"2024-07-03T07:36:30","modified_gmt":"2024-07-03T07:36:30","slug":"unser-verein","status":"publish","type":"page","link":"https:\/\/tauchsportclub-essen.de\/?page_id=15","title":{"rendered":"Unser Verein"},"content":{"rendered":"\n<h2 class=\"wp-block-heading\" id=\"training\">Training<\/h2>\n\n\n\n<p><img loading=\"lazy\" decoding=\"async\" width=\"500\" height=\"171\" class=\"wp-image-16\" style=\"width: 500px;\" src=\"https:\/\/tauchsportclub-essen.de\/wp-content\/uploads\/2020\/08\/schwimmhalle_kupferdreh.jpg\" alt=\"\" srcset=\"https:\/\/tauchsportclub-essen.de\/wp-content\/uploads\/2020\/08\/schwimmhalle_kupferdreh.jpg 1170w, https:\/\/tauchsportclub-essen.de\/wp-content\/uploads\/2020\/08\/schwimmhalle_kupferdreh-300x103.jpg 300w, https:\/\/tauchsportclub-essen.de\/wp-content\/uploads\/2020\/08\/schwimmhalle_kupferdreh-1024x350.jpg 1024w, https:\/\/tauchsportclub-essen.de\/wp-content\/uploads\/2020\/08\/schwimmhalle_kupferdreh-768x263.jpg 768w\" sizes=\"auto, (max-width: 500px) 100vw, 500px\" \/><\/p>\n\n\n\n<p><strong>Stadtbad Kupferdreh<\/strong><br>Schwermannstra\u00dfe 45<br>45257 Essen<\/p>\n\n\n\n<p>Trainingszeit Erwachsene:<br>Montags 20.15 Uhr &#8211; 21.30 Uhr<\/p>\n\n\n\n<p>Trainingszeit Jugendliche:<br>Dienstags von 19.15 Uhr &#8211; 20.15 Uhr<br>Samstags von 13.00Uhr &#8211; 14.00 Uhr<\/p>\n\n\n\n<p>Treffpunkt 15 Minuten vorher!<\/p>\n\n\n\n<h2 class=\"wp-block-heading\" id=\"uber-uns\">\u00dcber uns<\/h2>\n\n\n\n<p>Der TSC Essen e. V. ist mit rd. 130 Mitgliedern der z. Zt. gr\u00f6\u00dfte der 7 Essener Tauchvereine.<\/p>\n\n\n\n<p>Nicht nur die Mitgliederzahl stieg seit der Gr\u00fcndung stetig bzw. blieb zuletzt konstant, sondern auch die Anzahl der Ausbilder und Tauchlehrer, um den interessierten Mitgliedern die n\u00f6tigen Ausbildungsstandards (VDST CMAS) bieten zu k\u00f6nnen. Auch heute verf\u00fcgen wir \u00fcber &nbsp;einen hohen und qualifizierten Ausbildungsstandard und bieten regelm\u00e4\u00dfig interessante Weiterbildungen und Aktionen an. <em>(<a href=\"https:\/\/tauchsportclub-essen.de\/events\">Veranstaltungen<\/a>)<\/em><\/p>\n\n\n\n<p>Eine wesentliche Grundlage f\u00fcr die konstante Vereinsgr\u00f6\u00dfe ist die seit langem erfolgreiche Jugendarbeit; ehemalige Jugendliche sind mittlerweile bereits Tauchlehrer oder sogar Vorstandsmitglieder im Verein <em>(<a href=\"https:\/\/tauchsportclub-essen.de\/jugendabteilung\" data-type=\"page\" data-id=\"341\">Jugendabteilung<\/a><\/em>). <\/p>\n\n\n\n<p>F\u00fcr die praktische Ausbildung und das Tauchen bieten wir unseren Vereinsmitgliedern ein gut best\u00fccktes Vereinsequipment, welches kostenlos zur Verf\u00fcgung gestellt wird. Insbesondere Jugendliche und Tauchanf\u00e4nger profitieren davon, da so die Anschaffung einer eigenen Ausr\u00fcstung erst nach und nach erfolgen kann.<\/p>\n\n\n\n<p>Neben der Aus- und Weiterbildung stehen nat\u00fcrlich auch das Tauchen und das Vereinsleben mit im Vordergrund. Wir bieten Tauchausfl\u00fcge zu unterschiedlichen Seen an oder treffen uns einfach nur mal an unserem Vereinssee <em>(<a href=\"https:\/\/tauchsportclub-essen.de\/unser-vereinsee\">Vereinssee<\/a>)<\/em> bei Leverkusen. Unsere Trockentaucher verabreden sich ohne R\u00fccksicht auf Saisonzeiten das ganze Jahr zum Tauchen.<\/p>\n\n\n\n<p>Au\u00dferdem \u2013 sehr beliebt bei unseren Vereinsmitgliedern \u2013 werden gemeinsamen Fahrten wie das j\u00e4hrliche An- und Abtauchen oder Jubil\u00e4ums-Reisen angeboten.<\/p>\n\n\n\n<p>Nat\u00fcrlich wird bei uns auch gerne mal gefeiert: Das j\u00e4hrliche Sommerfest (seit einigen Jahren im Sea Side Beach am Baldeneysee) oder unsere traditionelle Weihnachtsfeier erfreuen sich hoher Beliebtheit. Und einen besonderen Grund zum Feiern gibt es bei uns auch immer in den Jubil\u00e4umsjahren.<\/p>\n\n\n\n<p>Uns ist auch die \u00d6ffentlichkeitsarbeit sehr wichtig. In Essen sind wir z.B. regelm\u00e4\u00dfige Teilnehmer am Sauber-Zauber, an Aktionen im Gruga-Bad und an verschiedenen Stadtteilfesten mit eigenem Info-Stand. Auch an einem Projekt des Ruhrverbandes zur Elodea-Bek\u00e4mpfung im Baldeneysee waren wir 2018 beteiligt.<\/p>\n\n\n\n<p>Viele dieser Aktivit\u00e4ten f\u00fchren wir mit den \u201eEssener Tauchvereinen\u201c, einem Zusammenschluss der 7 Essener Tauchvereine, durch, der f\u00fcr derartige Zwecke und f\u00fcr gegenseitige Hilfe untereinander geschlossen wurde.<\/p>\n\n\n\n<p>Die sportliche Tauchausbildung f\u00fcr Jung und Alt sowie die Vielzahl von Aktivit\u00e4ten steht f\u00fcr unseren Verein. Diese Gemeinschaft, in der sich jeder einzelne einbringen und den Verein mitgestalten kann. Auch die aktive Jugendarbeit ist es, die den TSC Essen seit seinem Bestehen ausmacht.<\/p>\n","protected":false},"excerpt":{"rendered":"<p>Training Stadtbad KupferdrehSchwermannstra\u00dfe 4545257 Essen Trainingszeit Erwachsene:Montags 20.15 Uhr &#8211; 21.30 Uhr Trainingszeit Jugendliche:Dienstags von 19.15 Uhr &#8211; 20.15 UhrSamstags von 13.00Uhr &#8211; 14.00 Uhr Treffpunkt 15 Minuten vorher! \u00dcber uns Der TSC Essen e. V. ist mit rd. 130 Mitgliedern der z. Zt. gr\u00f6\u00dfte der 7 Essener Tauchvereine. Nicht [&hellip;]<\/p>\n","protected":false},"author":1,"featured_media":0,"parent":0,"menu_order":0,"comment_status":"closed","ping_status":"closed","template":"","meta":{"footnotes":""},"class_list":["post-15","page","type-page","status-publish","hentry"],"_links":{"self":[{"href":"https:\/\/tauchsportclub-essen.de\/index.php?rest_route=\/wp\/v2\/pages\/15","targetHints":{"allow":["GET"]}}],"collection":[{"href":"https:\/\/tauchsportclub-essen.de\/index.php?rest_route=\/wp\/v2\/pages"}],"about":[{"href":"https:\/\/tauchsportclub-essen.de\/index.php?rest_route=\/wp\/v2\/types\/page"}],"author":[{"embeddable":true,"href":"https:\/\/tauchsportclub-essen.de\/index.php?rest_route=\/wp\/v2\/users\/1"}],"replies":[{"embeddable":true,"href":"https:\/\/tauchsportclub-essen.de\/index.php?rest_route=%2Fwp%2Fv2%2Fcomments&post=15"}],"version-history":[{"count":19,"href":"https:\/\/tauchsportclub-essen.de\/index.php?rest_route=\/wp\/v2\/pages\/15\/revisions"}],"predecessor-version":[{"id":515,"href":"https:\/\/tauchsportclub-essen.de\/index.php?rest_route=\/wp\/v2\/pages\/15\/revisions\/515"}],"wp:attachment":[{"href":"https:\/\/tauchsportclub-essen.de\/index.php?rest_route=%2Fwp%2Fv2%2Fmedia&parent=15"}],"curies":[{"name":"wp","href":"https:\/\/api.w.org\/{rel}","templated":true}]}}